{"id":16403,"date":"2024-09-16T14:42:09","date_gmt":"2024-09-16T17:42:09","guid":{"rendered":"https:\/\/www.papeleriaalbe.com.uy\/home\/producto\/papelera-plastica-cerrada\/"},"modified":"2024-11-07T08:56:33","modified_gmt":"2024-11-07T11:56:33","slug":"papelera-plastica-cerrada","status":"publish","type":"product","link":"https:\/\/www.papeleriaalbe.com.uy\/home\/producto\/papelera-plastica-cerrada\/","title":{"rendered":"Papelera plastica cerrada"},"content":{"rendered":"<p>Papelera cil\u00edndrica de pl\u00e1stico sin calado<\/p>\n<div class=\"contCantidad\">\n<div class=\"grid col-full mq2-col-full mq3-col-full\">\n<ul class=\"detalleE\">\n<li><span class=\"detalleETitulo\">Alto<\/span>: 31 cms<\/li>\n<li><span class=\"detalleETitulo\">Di\u00e1metro<\/span>: 27.5 cms<\/li>\n<\/ul>\n<\/div>\n<\/div>\n","protected":false},"excerpt":{"rendered":"<p>Papelera cil\u00edndrica de pl\u00e1stico sin calado Alto: 31 cms Di\u00e1metro: 27.5 cms<\/p>\n","protected":false},"featured_media":16507,"template":"","meta":[],"product_brand":[],"product_cat":[1247,1082],"product_tag":[],"class_list":{"0":"post-16403","1":"product","2":"type-product","3":"status-publish","4":"has-post-thumbnail","6":"product_cat-papeleria","7":"product_cat-otros","9":"first","10":"instock","11":"taxable","12":"shipping-taxable","13":"purchasable","14":"product-type-simple"},"_links":{"self":[{"href":"https:\/\/www.papeleriaalbe.com.uy\/home\/wp-json\/wp\/v2\/product\/16403","targetHints":{"allow":["GET"]}}],"collection":[{"href":"https:\/\/www.papeleriaalbe.com.uy\/home\/wp-json\/wp\/v2\/product"}],"about":[{"href":"https:\/\/www.papeleriaalbe.com.uy\/home\/wp-json\/wp\/v2\/types\/product"}],"wp:featuredmedia":[{"embeddable":true,"href":"https:\/\/www.papeleriaalbe.com.uy\/home\/wp-json\/wp\/v2\/media\/16507"}],"wp:attachment":[{"href":"https:\/\/www.papeleriaalbe.com.uy\/home\/wp-json\/wp\/v2\/media?parent=16403"}],"wp:term":[{"taxonomy":"product_brand","embeddable":true,"href":"https:\/\/www.papeleriaalbe.com.uy\/home\/wp-json\/wp\/v2\/product_brand?post=16403"},{"taxonomy":"product_cat","embeddable":true,"href":"https:\/\/www.papeleriaalbe.com.uy\/home\/wp-json\/wp\/v2\/product_cat?post=16403"},{"taxonomy":"product_tag","embeddable":true,"href":"https:\/\/www.papeleriaalbe.com.uy\/home\/wp-json\/wp\/v2\/product_tag?post=16403"}],"curies":[{"name":"wp","href":"https:\/\/api.w.org\/{rel}","templated":true}]}}