{"id":16396,"date":"2024-09-16T14:41:59","date_gmt":"2024-09-16T17:41:59","guid":{"rendered":"https:\/\/www.papeleriaalbe.com.uy\/home\/producto\/tijera-plus-office-18-cms-15904\/"},"modified":"2024-11-07T09:02:56","modified_gmt":"2024-11-07T12:02:56","slug":"tijera-plus-office-18-cms-15904","status":"publish","type":"product","link":"https:\/\/www.papeleriaalbe.com.uy\/home\/producto\/tijera-plus-office-18-cms-15904\/","title":{"rendered":"Tijera Plus Office 18 cm."},"content":{"rendered":"","protected":false},"excerpt":{"rendered":"<div class=\" collapse-view collapse-view--overflow\" data-bound-component=\"oroui\/js\/app\/components\/viewport-component\">\n<div class=\"collapse-view__container cms-typography\" data-collapse-container=\"\">\n<p><span style=\"font-family: verdana, geneva, sans-serif\">Tijera de acero inoxidable color azul.<\/span><\/p>\n<ul style=\"list-style-type: circle\">\n<li><span style=\"font-family: verdana, geneva, sans-serif\">Empu\u00f1adura ergon\u00f3mica recubierta en pl\u00e1stico.<\/span><\/li>\n<li><span style=\"font-family: verdana, geneva, sans-serif\">Punta roma.<\/span><\/li>\n<li><span style=\"font-family: verdana, geneva, sans-serif\">Color<span class=\"attribute-value\">: azul.<\/span><\/span><\/li>\n<li><span style=\"font-family: verdana, geneva, sans-serif\">medida:\u00a0<span class=\"attribute-value\">18 cm.<\/span><\/span><\/li>\n<\/ul>\n<\/div>\n<\/div>\n","protected":false},"featured_media":16923,"template":"","meta":[],"product_brand":[],"product_cat":[1247,1082],"product_tag":[],"class_list":{"0":"post-16396","1":"product","2":"type-product","3":"status-publish","4":"has-post-thumbnail","6":"product_cat-papeleria","7":"product_cat-otros","9":"first","10":"instock","11":"taxable","12":"shipping-taxable","13":"purchasable","14":"product-type-simple"},"_links":{"self":[{"href":"https:\/\/www.papeleriaalbe.com.uy\/home\/wp-json\/wp\/v2\/product\/16396","targetHints":{"allow":["GET"]}}],"collection":[{"href":"https:\/\/www.papeleriaalbe.com.uy\/home\/wp-json\/wp\/v2\/product"}],"about":[{"href":"https:\/\/www.papeleriaalbe.com.uy\/home\/wp-json\/wp\/v2\/types\/product"}],"wp:featuredmedia":[{"embeddable":true,"href":"https:\/\/www.papeleriaalbe.com.uy\/home\/wp-json\/wp\/v2\/media\/16923"}],"wp:attachment":[{"href":"https:\/\/www.papeleriaalbe.com.uy\/home\/wp-json\/wp\/v2\/media?parent=16396"}],"wp:term":[{"taxonomy":"product_brand","embeddable":true,"href":"https:\/\/www.papeleriaalbe.com.uy\/home\/wp-json\/wp\/v2\/product_brand?post=16396"},{"taxonomy":"product_cat","embeddable":true,"href":"https:\/\/www.papeleriaalbe.com.uy\/home\/wp-json\/wp\/v2\/product_cat?post=16396"},{"taxonomy":"product_tag","embeddable":true,"href":"https:\/\/www.papeleriaalbe.com.uy\/home\/wp-json\/wp\/v2\/product_tag?post=16396"}],"curies":[{"name":"wp","href":"https:\/\/api.w.org\/{rel}","templated":true}]}}