{"id":16379,"date":"2024-09-16T14:41:34","date_gmt":"2024-09-16T17:41:34","guid":{"rendered":"https:\/\/www.papeleriaalbe.com.uy\/home\/producto\/lavandina-en-gel-vim-original-700-cc\/"},"modified":"2024-11-07T09:53:39","modified_gmt":"2024-11-07T12:53:39","slug":"lavandina-en-gel-vim-original-700-cc","status":"publish","type":"product","link":"https:\/\/www.papeleriaalbe.com.uy\/home\/producto\/lavandina-en-gel-vim-original-700-cc\/","title":{"rendered":"Lavandina en Gel VIM original 700 cc."},"content":{"rendered":"","protected":false},"excerpt":{"rendered":"<ul style=\"list-style-type: circle\">\n<li><span id=\"iz6z-3\" style=\"font-family: verdana, geneva, sans-serif\">Es f\u00e1cil de dosificar lo que hace que, cuando se utiliza puro, rinde hasta 3 veces m\u00e1s que una lavandina l\u00edquida.<\/span><\/li>\n<li><span id=\"ij7g-3\" style=\"font-family: verdana, geneva, sans-serif\">No salpica, por lo que es dif\u00edcil que arruine la ropa al usarla.<\/span><\/li>\n<li><span id=\"ihdei-3\" style=\"font-family: verdana, geneva, sans-serif\">Se adhiere a las superficies, permitiendo m\u00e1s tiempo de contacto del producto con la superficie, para limpiar y desinfectar mejor. Limpia y desinfecta toda tu casa.<\/span><\/li>\n<\/ul>\n","protected":false},"featured_media":17010,"template":"","meta":[],"product_brand":[],"product_cat":[1233],"product_tag":[],"class_list":{"0":"post-16379","1":"product","2":"type-product","3":"status-publish","4":"has-post-thumbnail","6":"product_cat-limpieza","8":"first","9":"instock","10":"taxable","11":"shipping-taxable","12":"purchasable","13":"product-type-simple"},"_links":{"self":[{"href":"https:\/\/www.papeleriaalbe.com.uy\/home\/wp-json\/wp\/v2\/product\/16379","targetHints":{"allow":["GET"]}}],"collection":[{"href":"https:\/\/www.papeleriaalbe.com.uy\/home\/wp-json\/wp\/v2\/product"}],"about":[{"href":"https:\/\/www.papeleriaalbe.com.uy\/home\/wp-json\/wp\/v2\/types\/product"}],"wp:featuredmedia":[{"embeddable":true,"href":"https:\/\/www.papeleriaalbe.com.uy\/home\/wp-json\/wp\/v2\/media\/17010"}],"wp:attachment":[{"href":"https:\/\/www.papeleriaalbe.com.uy\/home\/wp-json\/wp\/v2\/media?parent=16379"}],"wp:term":[{"taxonomy":"product_brand","embeddable":true,"href":"https:\/\/www.papeleriaalbe.com.uy\/home\/wp-json\/wp\/v2\/product_brand?post=16379"},{"taxonomy":"product_cat","embeddable":true,"href":"https:\/\/www.papeleriaalbe.com.uy\/home\/wp-json\/wp\/v2\/product_cat?post=16379"},{"taxonomy":"product_tag","embeddable":true,"href":"https:\/\/www.papeleriaalbe.com.uy\/home\/wp-json\/wp\/v2\/product_tag?post=16379"}],"curies":[{"name":"wp","href":"https:\/\/api.w.org\/{rel}","templated":true}]}}