{"id":16371,"date":"2024-09-16T14:41:23","date_gmt":"2024-09-16T17:41:23","guid":{"rendered":"https:\/\/www.papeleriaalbe.com.uy\/home\/producto\/mouse-logitech-m110-cableado\/"},"modified":"2025-06-17T15:31:09","modified_gmt":"2025-06-17T18:31:09","slug":"mouse-logitech-m110-cableado","status":"publish","type":"product","link":"https:\/\/www.papeleriaalbe.com.uy\/home\/producto\/mouse-logitech-m110-cableado\/","title":{"rendered":"Mouse LOGITECH M110 cableado"},"content":{"rendered":"","protected":false},"excerpt":{"rendered":"<ul style=\"list-style-type: circle;\">\n<li><span style=\"font-family: verdana, geneva, sans-serif;\">Realice todo su trabajo sin perder el ritmo o molestando a quienes lo rodean. <\/span><\/li>\n<li><span style=\"font-family: verdana, geneva, sans-serif;\">Los ratones silenciosos tienen la misma sensaci\u00f3n de clic sin el ruido de clic: m\u00e1s del 90% de reducci\u00f3n de ruido. <\/span><\/li>\n<li><span style=\"font-family: verdana, geneva, sans-serif;\">Una rueda de desplazamiento suave completa la experiencia silenciosa.<\/span><\/li>\n<\/ul>\n","protected":false},"featured_media":17087,"template":"","meta":[],"product_brand":[],"product_cat":[1240],"product_tag":[],"class_list":{"0":"post-16371","1":"product","2":"type-product","3":"status-publish","4":"has-post-thumbnail","6":"product_cat-informatica","8":"first","9":"instock","10":"taxable","11":"shipping-taxable","12":"purchasable","13":"product-type-simple"},"_links":{"self":[{"href":"https:\/\/www.papeleriaalbe.com.uy\/home\/wp-json\/wp\/v2\/product\/16371","targetHints":{"allow":["GET"]}}],"collection":[{"href":"https:\/\/www.papeleriaalbe.com.uy\/home\/wp-json\/wp\/v2\/product"}],"about":[{"href":"https:\/\/www.papeleriaalbe.com.uy\/home\/wp-json\/wp\/v2\/types\/product"}],"wp:featuredmedia":[{"embeddable":true,"href":"https:\/\/www.papeleriaalbe.com.uy\/home\/wp-json\/wp\/v2\/media\/17087"}],"wp:attachment":[{"href":"https:\/\/www.papeleriaalbe.com.uy\/home\/wp-json\/wp\/v2\/media?parent=16371"}],"wp:term":[{"taxonomy":"product_brand","embeddable":true,"href":"https:\/\/www.papeleriaalbe.com.uy\/home\/wp-json\/wp\/v2\/product_brand?post=16371"},{"taxonomy":"product_cat","embeddable":true,"href":"https:\/\/www.papeleriaalbe.com.uy\/home\/wp-json\/wp\/v2\/product_cat?post=16371"},{"taxonomy":"product_tag","embeddable":true,"href":"https:\/\/www.papeleriaalbe.com.uy\/home\/wp-json\/wp\/v2\/product_tag?post=16371"}],"curies":[{"name":"wp","href":"https:\/\/api.w.org\/{rel}","templated":true}]}}