{"id":16322,"date":"2024-09-16T14:40:08","date_gmt":"2024-09-16T17:40:08","guid":{"rendered":"https:\/\/www.papeleriaalbe.com.uy\/home\/producto\/tijera-plus-office-21-5-cms\/"},"modified":"2024-11-11T09:55:27","modified_gmt":"2024-11-11T12:55:27","slug":"tijera-plus-office-21-5-cms","status":"publish","type":"product","link":"https:\/\/www.papeleriaalbe.com.uy\/home\/producto\/tijera-plus-office-21-5-cms\/","title":{"rendered":"Tijera Plus Office 21.5 cm."},"content":{"rendered":"","protected":false},"excerpt":{"rendered":"<p><span style=\"font-family: verdana, geneva, sans-serif;\">Tijera de acero inoxidable color azul.<\/span><\/p>\n<ul style=\"list-style-type: circle;\">\n<li><span style=\"font-family: verdana, geneva, sans-serif;\">Empu\u00f1adura ergon\u00f3mica recubierta en pl\u00e1stico.<\/span><\/li>\n<li><span style=\"font-family: verdana, geneva, sans-serif;\">Punta roma.<\/span><\/li>\n<\/ul>\n","protected":false},"featured_media":17145,"template":"","meta":[],"product_brand":[],"product_cat":[1247,1082],"product_tag":[],"class_list":{"0":"post-16322","1":"product","2":"type-product","3":"status-publish","4":"has-post-thumbnail","6":"product_cat-papeleria","7":"product_cat-otros","9":"first","10":"instock","11":"taxable","12":"shipping-taxable","13":"purchasable","14":"product-type-simple"},"_links":{"self":[{"href":"https:\/\/www.papeleriaalbe.com.uy\/home\/wp-json\/wp\/v2\/product\/16322","targetHints":{"allow":["GET"]}}],"collection":[{"href":"https:\/\/www.papeleriaalbe.com.uy\/home\/wp-json\/wp\/v2\/product"}],"about":[{"href":"https:\/\/www.papeleriaalbe.com.uy\/home\/wp-json\/wp\/v2\/types\/product"}],"wp:featuredmedia":[{"embeddable":true,"href":"https:\/\/www.papeleriaalbe.com.uy\/home\/wp-json\/wp\/v2\/media\/17145"}],"wp:attachment":[{"href":"https:\/\/www.papeleriaalbe.com.uy\/home\/wp-json\/wp\/v2\/media?parent=16322"}],"wp:term":[{"taxonomy":"product_brand","embeddable":true,"href":"https:\/\/www.papeleriaalbe.com.uy\/home\/wp-json\/wp\/v2\/product_brand?post=16322"},{"taxonomy":"product_cat","embeddable":true,"href":"https:\/\/www.papeleriaalbe.com.uy\/home\/wp-json\/wp\/v2\/product_cat?post=16322"},{"taxonomy":"product_tag","embeddable":true,"href":"https:\/\/www.papeleriaalbe.com.uy\/home\/wp-json\/wp\/v2\/product_tag?post=16322"}],"curies":[{"name":"wp","href":"https:\/\/api.w.org\/{rel}","templated":true}]}}