{"id":16174,"date":"2024-09-16T14:36:32","date_gmt":"2024-09-16T17:36:32","guid":{"rendered":"https:\/\/www.papeleriaalbe.com.uy\/home\/producto\/pao-de-piso-duramas-55x40-cms\/"},"modified":"2024-11-14T10:06:28","modified_gmt":"2024-11-14T13:06:28","slug":"pao-de-piso-duramas-55x40-cms","status":"publish","type":"product","link":"https:\/\/www.papeleriaalbe.com.uy\/home\/producto\/pao-de-piso-duramas-55x40-cms\/","title":{"rendered":"Pa\u00f1o de piso DURAMAS 55&#215;40 cms"},"content":{"rendered":"","protected":false},"excerpt":{"rendered":"<p><span style=\"font-family: verdana, geneva, sans-serif\">El pa\u00f1o de piso de algod\u00f3n tejido, es de todos los productos de su categor\u00eda, el m\u00e1s noble y de uso m\u00e1s extendido.<\/span><\/p>\n","protected":false},"featured_media":16864,"template":"","meta":[],"product_brand":[],"product_cat":[1233],"product_tag":[],"class_list":{"0":"post-16174","1":"product","2":"type-product","3":"status-publish","4":"has-post-thumbnail","6":"product_cat-limpieza","8":"first","9":"instock","10":"taxable","11":"shipping-taxable","12":"purchasable","13":"product-type-simple"},"_links":{"self":[{"href":"https:\/\/www.papeleriaalbe.com.uy\/home\/wp-json\/wp\/v2\/product\/16174","targetHints":{"allow":["GET"]}}],"collection":[{"href":"https:\/\/www.papeleriaalbe.com.uy\/home\/wp-json\/wp\/v2\/product"}],"about":[{"href":"https:\/\/www.papeleriaalbe.com.uy\/home\/wp-json\/wp\/v2\/types\/product"}],"wp:featuredmedia":[{"embeddable":true,"href":"https:\/\/www.papeleriaalbe.com.uy\/home\/wp-json\/wp\/v2\/media\/16864"}],"wp:attachment":[{"href":"https:\/\/www.papeleriaalbe.com.uy\/home\/wp-json\/wp\/v2\/media?parent=16174"}],"wp:term":[{"taxonomy":"product_brand","embeddable":true,"href":"https:\/\/www.papeleriaalbe.com.uy\/home\/wp-json\/wp\/v2\/product_brand?post=16174"},{"taxonomy":"product_cat","embeddable":true,"href":"https:\/\/www.papeleriaalbe.com.uy\/home\/wp-json\/wp\/v2\/product_cat?post=16174"},{"taxonomy":"product_tag","embeddable":true,"href":"https:\/\/www.papeleriaalbe.com.uy\/home\/wp-json\/wp\/v2\/product_tag?post=16174"}],"curies":[{"name":"wp","href":"https:\/\/api.w.org\/{rel}","templated":true}]}}