{"id":16142,"date":"2024-09-16T14:35:32","date_gmt":"2024-09-16T17:35:32","guid":{"rendered":"https:\/\/www.papeleriaalbe.com.uy\/home\/producto\/esponja-jupiter-polyfon-y-fibra\/"},"modified":"2024-11-14T10:31:43","modified_gmt":"2024-11-14T13:31:43","slug":"esponja-jupiter-polyfon-y-fibra","status":"publish","type":"product","link":"https:\/\/www.papeleriaalbe.com.uy\/home\/producto\/esponja-jupiter-polyfon-y-fibra\/","title":{"rendered":"Esponja J\u00fapiter Polifon y fibra"},"content":{"rendered":"","protected":false},"excerpt":{"rendered":"<ul style=\"list-style-type: circle\">\n<li><span style=\"font-family: verdana, geneva, sans-serif\">esencial para una limpieza eficiente y c\u00f3moda de los platos. <\/span><\/li>\n<li><span style=\"font-family: verdana, geneva, sans-serif\">Su dise\u00f1o anat\u00f3mico protege tus u\u00f1as y evita el contacto directo con los utensilios.<\/span><\/li>\n<\/ul>\n","protected":false},"featured_media":16853,"template":"","meta":[],"product_brand":[],"product_cat":[1233],"product_tag":[],"class_list":{"0":"post-16142","1":"product","2":"type-product","3":"status-publish","4":"has-post-thumbnail","6":"product_cat-limpieza","8":"first","9":"instock","10":"taxable","11":"shipping-taxable","12":"purchasable","13":"product-type-simple"},"_links":{"self":[{"href":"https:\/\/www.papeleriaalbe.com.uy\/home\/wp-json\/wp\/v2\/product\/16142","targetHints":{"allow":["GET"]}}],"collection":[{"href":"https:\/\/www.papeleriaalbe.com.uy\/home\/wp-json\/wp\/v2\/product"}],"about":[{"href":"https:\/\/www.papeleriaalbe.com.uy\/home\/wp-json\/wp\/v2\/types\/product"}],"wp:featuredmedia":[{"embeddable":true,"href":"https:\/\/www.papeleriaalbe.com.uy\/home\/wp-json\/wp\/v2\/media\/16853"}],"wp:attachment":[{"href":"https:\/\/www.papeleriaalbe.com.uy\/home\/wp-json\/wp\/v2\/media?parent=16142"}],"wp:term":[{"taxonomy":"product_brand","embeddable":true,"href":"https:\/\/www.papeleriaalbe.com.uy\/home\/wp-json\/wp\/v2\/product_brand?post=16142"},{"taxonomy":"product_cat","embeddable":true,"href":"https:\/\/www.papeleriaalbe.com.uy\/home\/wp-json\/wp\/v2\/product_cat?post=16142"},{"taxonomy":"product_tag","embeddable":true,"href":"https:\/\/www.papeleriaalbe.com.uy\/home\/wp-json\/wp\/v2\/product_tag?post=16142"}],"curies":[{"name":"wp","href":"https:\/\/api.w.org\/{rel}","templated":true}]}}