{"id":16116,"date":"2024-09-16T14:34:56","date_gmt":"2024-09-16T17:34:56","guid":{"rendered":"https:\/\/www.papeleriaalbe.com.uy\/home\/producto\/pila-alcalina-duracell-aaa\/"},"modified":"2024-11-14T10:34:01","modified_gmt":"2024-11-14T13:34:01","slug":"pila-alcalina-duracell-aaa","status":"publish","type":"product","link":"https:\/\/www.papeleriaalbe.com.uy\/home\/producto\/pila-alcalina-duracell-aaa\/","title":{"rendered":"Pila alcalina DURACELL AAA x 6 un."},"content":{"rendered":"<ul style=\"list-style-type: circle\">\n<li><span style=\"font-family: verdana, geneva, sans-serif\">Tama\u00f1o AAA.<\/span><\/li>\n<li><span style=\"font-family: verdana, geneva, sans-serif\">Contiene: 6 unidades.<\/span><\/li>\n<li><span style=\"font-family: verdana, geneva, sans-serif\">Dura hasta 10 veces m\u00e1s.<\/span><\/li>\n<li><span style=\"font-family: verdana, geneva, sans-serif\">Id\u00f3neas para dispositivos de uso cotidiano.<\/span><\/li>\n<\/ul>\n","protected":false},"excerpt":{"rendered":"<p>Tama\u00f1o AAA. Contiene: 6 unidades. Dura hasta 10 veces m\u00e1s. Id\u00f3neas para dispositivos de uso cotidiano.<\/p>\n","protected":false},"featured_media":16594,"template":"","meta":[],"product_brand":[],"product_cat":[1240],"product_tag":[],"class_list":{"0":"post-16116","1":"product","2":"type-product","3":"status-publish","4":"has-post-thumbnail","6":"product_cat-informatica","8":"first","9":"instock","10":"taxable","11":"shipping-taxable","12":"purchasable","13":"product-type-simple"},"_links":{"self":[{"href":"https:\/\/www.papeleriaalbe.com.uy\/home\/wp-json\/wp\/v2\/product\/16116","targetHints":{"allow":["GET"]}}],"collection":[{"href":"https:\/\/www.papeleriaalbe.com.uy\/home\/wp-json\/wp\/v2\/product"}],"about":[{"href":"https:\/\/www.papeleriaalbe.com.uy\/home\/wp-json\/wp\/v2\/types\/product"}],"wp:featuredmedia":[{"embeddable":true,"href":"https:\/\/www.papeleriaalbe.com.uy\/home\/wp-json\/wp\/v2\/media\/16594"}],"wp:attachment":[{"href":"https:\/\/www.papeleriaalbe.com.uy\/home\/wp-json\/wp\/v2\/media?parent=16116"}],"wp:term":[{"taxonomy":"product_brand","embeddable":true,"href":"https:\/\/www.papeleriaalbe.com.uy\/home\/wp-json\/wp\/v2\/product_brand?post=16116"},{"taxonomy":"product_cat","embeddable":true,"href":"https:\/\/www.papeleriaalbe.com.uy\/home\/wp-json\/wp\/v2\/product_cat?post=16116"},{"taxonomy":"product_tag","embeddable":true,"href":"https:\/\/www.papeleriaalbe.com.uy\/home\/wp-json\/wp\/v2\/product_tag?post=16116"}],"curies":[{"name":"wp","href":"https:\/\/api.w.org\/{rel}","templated":true}]}}