{"id":16106,"date":"2024-09-16T14:34:43","date_gmt":"2024-09-16T17:34:43","guid":{"rendered":"https:\/\/www.papeleriaalbe.com.uy\/home\/producto\/boligrafo-bic-cristal-rojo\/"},"modified":"2024-11-14T10:35:59","modified_gmt":"2024-11-14T13:35:59","slug":"boligrafo-bic-cristal-rojo","status":"publish","type":"product","link":"https:\/\/www.papeleriaalbe.com.uy\/home\/producto\/boligrafo-bic-cristal-rojo\/","title":{"rendered":"Bol\u00edgrafo BIC Cristal Rojo"},"content":{"rendered":"<ul>\n<li><span style=\"font-family: verdana, geneva, sans-serif\">Bol\u00edgrafo de escritura media.<\/span><\/li>\n<li><span style=\"font-family: verdana, geneva, sans-serif\">Tinta a base de aceite.<\/span><\/li>\n<li><span style=\"font-family: verdana, geneva, sans-serif\">Cuerpo transparente que permite ver el nivel de tinta.<\/span><\/li>\n<li><span style=\"font-family: verdana, geneva, sans-serif\">Capuch\u00f3n ventilado y tap\u00f3n del color de la tinta.<\/span><\/li>\n<li><span style=\"font-family: verdana, geneva, sans-serif\">Garantiza 3 km de escritura. Punta de 1 mm. Trazo de 0,4 mm.<\/span><\/li>\n<\/ul>\n","protected":false},"excerpt":{"rendered":"<p>Bol\u00edgrafo de escritura media. Tinta a base de aceite. Cuerpo transparente que permite ver el nivel de tinta. Capuch\u00f3n ventilado y tap\u00f3n del color de la tinta. Garantiza 3 km de escritura. Punta de 1 mm. Trazo de 0,4 mm.<\/p>\n","protected":false},"featured_media":16651,"template":"","meta":[],"product_brand":[],"product_cat":[1247,1082],"product_tag":[],"class_list":{"0":"post-16106","1":"product","2":"type-product","3":"status-publish","4":"has-post-thumbnail","6":"product_cat-papeleria","7":"product_cat-otros","9":"first","10":"instock","11":"taxable","12":"shipping-taxable","13":"purchasable","14":"product-type-simple"},"_links":{"self":[{"href":"https:\/\/www.papeleriaalbe.com.uy\/home\/wp-json\/wp\/v2\/product\/16106","targetHints":{"allow":["GET"]}}],"collection":[{"href":"https:\/\/www.papeleriaalbe.com.uy\/home\/wp-json\/wp\/v2\/product"}],"about":[{"href":"https:\/\/www.papeleriaalbe.com.uy\/home\/wp-json\/wp\/v2\/types\/product"}],"wp:featuredmedia":[{"embeddable":true,"href":"https:\/\/www.papeleriaalbe.com.uy\/home\/wp-json\/wp\/v2\/media\/16651"}],"wp:attachment":[{"href":"https:\/\/www.papeleriaalbe.com.uy\/home\/wp-json\/wp\/v2\/media?parent=16106"}],"wp:term":[{"taxonomy":"product_brand","embeddable":true,"href":"https:\/\/www.papeleriaalbe.com.uy\/home\/wp-json\/wp\/v2\/product_brand?post=16106"},{"taxonomy":"product_cat","embeddable":true,"href":"https:\/\/www.papeleriaalbe.com.uy\/home\/wp-json\/wp\/v2\/product_cat?post=16106"},{"taxonomy":"product_tag","embeddable":true,"href":"https:\/\/www.papeleriaalbe.com.uy\/home\/wp-json\/wp\/v2\/product_tag?post=16106"}],"curies":[{"name":"wp","href":"https:\/\/api.w.org\/{rel}","templated":true}]}}