{"id":15650,"date":"2024-09-12T14:03:19","date_gmt":"2024-09-12T17:03:19","guid":{"rendered":"https:\/\/www.papeleriaalbe.com.uy\/home\/?post_type=product&#038;p=15650"},"modified":"2024-11-14T10:40:11","modified_gmt":"2024-11-14T13:40:11","slug":"vaso-termico-120-c-c","status":"publish","type":"product","link":"https:\/\/www.papeleriaalbe.com.uy\/home\/producto\/vaso-termico-120-c-c\/","title":{"rendered":"Vaso T\u00e9rmico 120 c.c."},"content":{"rendered":"<ul>\n<li>Uso: te, caf\u00e9, bebidas calientes o fr\u00edas<\/li>\n<li>Presentaci\u00f3n: Bolsa x 25 unidades<\/li>\n<\/ul>\n","protected":false},"excerpt":{"rendered":"<p>Uso: te, caf\u00e9, bebidas calientes o fr\u00edas Presentaci\u00f3n: Bolsa x 25 unidades<\/p>\n","protected":false},"featured_media":15648,"template":"","meta":[],"product_brand":[],"product_cat":[1237],"product_tag":[],"class_list":{"0":"post-15650","1":"product","2":"type-product","3":"status-publish","4":"has-post-thumbnail","6":"product_cat-descartables","8":"first","9":"instock","10":"taxable","11":"shipping-taxable","12":"purchasable","13":"product-type-simple"},"_links":{"self":[{"href":"https:\/\/www.papeleriaalbe.com.uy\/home\/wp-json\/wp\/v2\/product\/15650","targetHints":{"allow":["GET"]}}],"collection":[{"href":"https:\/\/www.papeleriaalbe.com.uy\/home\/wp-json\/wp\/v2\/product"}],"about":[{"href":"https:\/\/www.papeleriaalbe.com.uy\/home\/wp-json\/wp\/v2\/types\/product"}],"wp:featuredmedia":[{"embeddable":true,"href":"https:\/\/www.papeleriaalbe.com.uy\/home\/wp-json\/wp\/v2\/media\/15648"}],"wp:attachment":[{"href":"https:\/\/www.papeleriaalbe.com.uy\/home\/wp-json\/wp\/v2\/media?parent=15650"}],"wp:term":[{"taxonomy":"product_brand","embeddable":true,"href":"https:\/\/www.papeleriaalbe.com.uy\/home\/wp-json\/wp\/v2\/product_brand?post=15650"},{"taxonomy":"product_cat","embeddable":true,"href":"https:\/\/www.papeleriaalbe.com.uy\/home\/wp-json\/wp\/v2\/product_cat?post=15650"},{"taxonomy":"product_tag","embeddable":true,"href":"https:\/\/www.papeleriaalbe.com.uy\/home\/wp-json\/wp\/v2\/product_tag?post=15650"}],"curies":[{"name":"wp","href":"https:\/\/api.w.org\/{rel}","templated":true}]}}