{"id":1780,"date":"2019-06-03T21:33:06","date_gmt":"2019-06-04T00:33:06","guid":{"rendered":"http:\/\/www.papeleriaalbe.com.uy\/home\/?page_id=1780"},"modified":"2025-06-02T12:05:56","modified_gmt":"2025-06-02T15:05:56","slug":"la-empresa","status":"publish","type":"page","link":"https:\/\/www.papeleriaalbe.com.uy\/home\/la-empresa\/","title":{"rendered":"La Empresa"},"content":{"rendered":"\r\n<p style=\"text-align: justify;\"><img loading=\"lazy\" decoding=\"async\" class=\"alignright wp-image-15499 size-medium\" src=\"http:\/\/www.papeleriaalbe.com.uy\/home\/wp-content\/uploads\/2024\/09\/cropped-LOGO-300x159.png\" alt=\"\" width=\"300\" height=\"159\" srcset=\"https:\/\/www.papeleriaalbe.com.uy\/home\/wp-content\/uploads\/2024\/09\/cropped-LOGO-300x159.png 300w, https:\/\/www.papeleriaalbe.com.uy\/home\/wp-content\/uploads\/2024\/09\/cropped-LOGO-1024x543.png 1024w, https:\/\/www.papeleriaalbe.com.uy\/home\/wp-content\/uploads\/2024\/09\/cropped-LOGO-768x407.png 768w, https:\/\/www.papeleriaalbe.com.uy\/home\/wp-content\/uploads\/2024\/09\/cropped-LOGO-1536x815.png 1536w, https:\/\/www.papeleriaalbe.com.uy\/home\/wp-content\/uploads\/2024\/09\/cropped-LOGO-2048x1086.png 2048w\" sizes=\"auto, (max-width: 300px) 100vw, 300px\" \/>Bienvenid@ al sitio de Papeler\u00eda ALBE, una empresa con m\u00e1s de 28 a\u00f1os de trayectoria en el mercado, ofreciendo una amplia gama de art\u00edculos.<\/p>\r\n<p style=\"text-align: justify;\">Con el paso del tiempo hemos logrado conformar un equipo de gente joven pero con experiencia en el rubro siempre dispuesto a orientar y aconsejar de la mejor forma en el momento de realizar su compra o consulta de cualquier tipo.<\/p>\r\n<p style=\"text-align: justify;\">Todo aquello que usted pueda necesitar para su oficina sin moverse de donde esta, lo puede conseguir aqu\u00ed: papeler\u00eda integral, insumos de impresi\u00f3n, rollos t\u00e9rmicos, higiene, limpieza, insumos de cafeter\u00eda, empaque, descartables, inform\u00e1tica, electr\u00f3nica y una gran variedad de papeles para distintas aplicaciones.<\/p>\r\n<p style=\"text-align: justify;\">A lo largo de todos estos a\u00f1os implementamos una pol\u00edtica de trabajo que apunta a incorporar a nuestro listado de art\u00edculos y servicios todo aquello que la demanda del mercado actual le exige a una empresa de este tipo.<\/p>\r\n<p style=\"text-align: justify;\">La actualidad nos encuentra con mas de 28 a\u00f1os de experiencia, pero con las mismas ganas de crecer y mejorar que en un principio, por eso es que seguimos adelante apostando al futuro siempre con el mayor cuidado hacia nuestros clientes y hacia aquellos que deseen comenzar a serlo.<\/p>\r\n<p style=\"text-align: justify;\">Nuestra propuesta es ser su socio a la hora de resolver sus necesidades de consumos en Papeler\u00eda Corporativa, siendo nuestra mayor fortaleza el brindar un servicio eficiente con costos muy competitivos.<\/p>\r\n<p style=\"text-align: justify;\">Quedamos a las \u00f3rdenes y agradecemos desde ya sus comentarios y\/o sugerencias.<\/p>\r\n<p style=\"text-align: justify;\">El Equipo de Papeler\u00eda Albe Ltda.<\/p>\r\n","protected":false},"excerpt":{"rendered":"<p>Bienvenid@ al sitio de Papeler\u00eda ALBE, una empresa con m\u00e1s de 28 a\u00f1os de trayectoria en el mercado, ofreciendo una amplia gama de art\u00edculos. Con el paso del tiempo hemos logrado conformar un equipo de gente joven pero con experiencia en el rubro siempre dispuesto a orientar y aconsejar de la mejor forma en el [&hellip;]<\/p>\n","protected":false},"author":1,"featured_media":0,"parent":0,"menu_order":0,"comment_status":"closed","ping_status":"closed","template":"","meta":{"footnotes":""},"class_list":["post-1780","page","type-page","status-publish","hentry"],"_links":{"self":[{"href":"https:\/\/www.papeleriaalbe.com.uy\/home\/wp-json\/wp\/v2\/pages\/1780","targetHints":{"allow":["GET"]}}],"collection":[{"href":"https:\/\/www.papeleriaalbe.com.uy\/home\/wp-json\/wp\/v2\/pages"}],"about":[{"href":"https:\/\/www.papeleriaalbe.com.uy\/home\/wp-json\/wp\/v2\/types\/page"}],"author":[{"embeddable":true,"href":"https:\/\/www.papeleriaalbe.com.uy\/home\/wp-json\/wp\/v2\/users\/1"}],"replies":[{"embeddable":true,"href":"https:\/\/www.papeleriaalbe.com.uy\/home\/wp-json\/wp\/v2\/comments?post=1780"}],"version-history":[{"count":14,"href":"https:\/\/www.papeleriaalbe.com.uy\/home\/wp-json\/wp\/v2\/pages\/1780\/revisions"}],"predecessor-version":[{"id":17505,"href":"https:\/\/www.papeleriaalbe.com.uy\/home\/wp-json\/wp\/v2\/pages\/1780\/revisions\/17505"}],"wp:attachment":[{"href":"https:\/\/www.papeleriaalbe.com.uy\/home\/wp-json\/wp\/v2\/media?parent=1780"}],"curies":[{"name":"wp","href":"https:\/\/api.w.org\/{rel}","templated":true}]}}